{"id":184,"date":"2025-04-06T17:57:13","date_gmt":"2025-04-06T17:57:13","guid":{"rendered":"https:\/\/zwlawoffice.com\/?page_id=184"},"modified":"2025-09-05T18:51:23","modified_gmt":"2025-09-05T22:51:23","slug":"contact-us","status":"publish","type":"page","link":"https:\/\/zwlawoffice.com\/es\/contact-us\/","title":{"rendered":"Cont\u00e1ctanos"},"content":{"rendered":"\t\t<div data-elementor-type=\"wp-page\" data-elementor-id=\"184\" class=\"elementor elementor-184\" data-elementor-post-type=\"page\">\n\t\t\t\t<div class=\"elementor-element elementor-element-e41bc5e e-con-full e-flex e-con e-parent\" data-id=\"e41bc5e\" data-element_type=\"container\" data-e-type=\"container\">\n\t\t<div class=\"elementor-element elementor-element-91417d4 e-flex e-con-boxed elementor-invisible e-con e-child\" data-id=\"91417d4\" data-element_type=\"container\" data-e-type=\"container\" id=\"section_contact_form\" data-settings=\"{&quot;background_background&quot;:&quot;classic&quot;,&quot;animation&quot;:&quot;fadeInLeft&quot;}\">\n\t\t\t\t\t<div class=\"e-con-inner\">\n\t\t\t\t<div class=\"elementor-element elementor-element-5c465e3 elementor-invisible elementor-widget elementor-widget-heading\" data-id=\"5c465e3\" data-element_type=\"widget\" data-e-type=\"widget\" data-settings=\"{&quot;_animation&quot;:&quot;fadeIn&quot;}\" data-widget_type=\"heading.default\">\n\t\t\t\t<div class=\"elementor-widget-container\">\n\t\t\t\t\t<p class=\"elementor-heading-title elementor-size-default\">Need Help?<\/p>\t\t\t\t<\/div>\n\t\t\t\t<\/div>\n\t\t\t\t<div class=\"elementor-element elementor-element-e9a8164 elementor-invisible elementor-widget elementor-widget-heading\" data-id=\"e9a8164\" data-element_type=\"widget\" data-e-type=\"widget\" data-settings=\"{&quot;_animation&quot;:&quot;fadeIn&quot;}\" data-widget_type=\"heading.default\">\n\t\t\t\t<div class=\"elementor-widget-container\">\n\t\t\t\t\t<h2 class=\"elementor-heading-title elementor-size-default\">Contact Us Today<\/h2>\t\t\t\t<\/div>\n\t\t\t\t<\/div>\n\t\t\t\t<div class=\"elementor-element elementor-element-944d604 custom_form style_2 elementor-widget elementor-widget-wpforms\" data-id=\"944d604\" data-element_type=\"widget\" data-e-type=\"widget\" data-widget_type=\"wpforms.default\">\n\t\t\t\t<div class=\"elementor-widget-container\">\n\t\t\t\t\t<div class=\"wpforms-container wpforms-container-full\" id=\"wpforms-462\"><form id=\"wpforms-form-462\" class=\"wpforms-validate wpforms-form wpforms-ajax-form\" data-formid=\"462\" method=\"post\" enctype=\"multipart\/form-data\" action=\"\/es\/wp-json\/wp\/v2\/pages\/184\" data-token=\"a3e0edb6544966c0114317ffb442413b\"><noscript class=\"wpforms-error-noscript\">Por favor, activa JavaScript en tu navegador para completar este formulario.<\/noscript><div class=\"wpforms-field-container\"><div id=\"wpforms-462-field_12-container\" class=\"wpforms-field wpforms-field-text\" data-field-id=\"12\"><label class=\"wpforms-field-label wpforms-label-hide\" for=\"wpforms-462-field_12\">Name<\/label><input type=\"text\" id=\"wpforms-462-field_12\" class=\"wpforms-field-large\" name=\"wpforms[fields][12]\" placeholder=\"Your full name\" ><\/div><div id=\"wpforms-462-field_1-container\" class=\"wpforms-field wpforms-field-email\" data-field-id=\"1\"><label class=\"wpforms-field-label wpforms-label-hide\" for=\"wpforms-462-field_1\">Email <span class=\"wpforms-required-label\">*<\/span><\/label><input type=\"email\" id=\"wpforms-462-field_1\" class=\"wpforms-field-large wpforms-field-required\" name=\"wpforms[fields][1]\" placeholder=\"Email\" required><\/div><div id=\"wpforms-462-field_4-container\" class=\"wpforms-field wpforms-field-phone\" data-field-id=\"4\"><label class=\"wpforms-field-label wpforms-label-hide\" for=\"wpforms-462-field_4\">Phone<\/label><input type=\"tel\" id=\"wpforms-462-field_4\" class=\"wpforms-field-large wpforms-smart-phone-field\" data-rule-smart-phone-field=\"true\" name=\"wpforms[fields][4]\" placeholder=\"Phone\" ><\/div><div id=\"wpforms-462-field_10-container\" class=\"wpforms-field wpforms-field-textarea\" data-field-id=\"10\"><label class=\"wpforms-field-label wpforms-label-hide\" for=\"wpforms-462-field_10\">Comments<\/label><textarea id=\"wpforms-462-field_10\" class=\"wpforms-field-small\" name=\"wpforms[fields][10]\" placeholder=\"Tell us your question\" ><\/textarea><\/div><div id=\"wpforms-462-field_9-container\" class=\"wpforms-field wpforms-field-checkbox\" data-field-id=\"9\"><label class=\"wpforms-field-label wpforms-label-hide\" for=\"wpforms-462-field_9\">Checkboxes <span class=\"wpforms-required-label\">*<\/span><\/label><ul id=\"wpforms-462-field_9\" class=\"wpforms-field-required\"><li class=\"choice-1 depth-1\"><input type=\"checkbox\" id=\"wpforms-462-field_9_1\" name=\"wpforms[fields][9][]\" value=\"I accept the Privacy Policy and the Data Processing Terms\" required ><label class=\"wpforms-field-label-inline\" for=\"wpforms-462-field_9_1\">I accept the Privacy Policy and the Data Processing Terms<\/label><\/li><\/ul><\/div><\/div><input type=\"hidden\" name=\"wpforms[recaptcha]\" value=\"\"><div class=\"wpforms-submit-container\"><input type=\"hidden\" name=\"wpforms[id]\" value=\"462\"><input type=\"hidden\" name=\"wpforms[author]\" value=\"2\"><button type=\"submit\" name=\"wpforms[submit]\" id=\"wpforms-submit-462\" class=\"wpforms-submit\" data-alt-text=\"Sending...\" data-submit-text=\"Send\" aria-live=\"assertive\" value=\"wpforms-submit\">Send<\/button><img decoding=\"async\" src=\"https:\/\/zwlawoffice.com\/wp-content\/plugins\/wpforms\/assets\/images\/submit-spin.svg\" class=\"wpforms-submit-spinner\" style=\"display: none;\" width=\"26\" height=\"26\" alt=\"Cargando\"><\/div><\/form><\/div>  <!-- .wpforms-container -->\t\t\t\t<\/div>\n\t\t\t\t<\/div>\n\t\t\t\t\t<\/div>\n\t\t\t\t<\/div>\n\t\t<div class=\"elementor-element elementor-element-d2134fe animated-slow e-flex e-con-boxed elementor-invisible e-con e-child\" data-id=\"d2134fe\" data-element_type=\"container\" data-e-type=\"container\" data-settings=\"{&quot;background_background&quot;:&quot;classic&quot;,&quot;animation&quot;:&quot;fadeIn&quot;}\">\n\t\t\t\t\t<div class=\"e-con-inner\">\n\t\t\t\t<div class=\"elementor-element elementor-element-966d299 elementor-widget elementor-widget-heading\" data-id=\"966d299\" data-element_type=\"widget\" data-e-type=\"widget\" data-widget_type=\"heading.default\">\n\t\t\t\t<div class=\"elementor-widget-container\">\n\t\t\t\t\t<h3 class=\"elementor-heading-title elementor-size-default\">Find Us<\/h3>\t\t\t\t<\/div>\n\t\t\t\t<\/div>\n\t\t\t\t<div class=\"elementor-element elementor-element-cffe14e elementor-invisible elementor-widget elementor-widget-heading\" data-id=\"cffe14e\" data-element_type=\"widget\" data-e-type=\"widget\" data-settings=\"{&quot;_animation&quot;:&quot;fadeIn&quot;}\" data-widget_type=\"heading.default\">\n\t\t\t\t<div class=\"elementor-widget-container\">\n\t\t\t\t\t<p class=\"elementor-heading-title elementor-size-default\">Visit Our Offices<\/p>\t\t\t\t<\/div>\n\t\t\t\t<\/div>\n\t\t\t\t<div class=\"elementor-element elementor-element-e17655d elementor-tablet-align-center elementor-icon-list--layout-traditional elementor-list-item-link-full_width elementor-widget elementor-widget-icon-list\" data-id=\"e17655d\" data-element_type=\"widget\" data-e-type=\"widget\" data-widget_type=\"icon-list.default\">\n\t\t\t\t<div class=\"elementor-widget-container\">\n\t\t\t\t\t\t\t<ul class=\"elementor-icon-list-items\">\n\t\t\t\t\t\t\t<li class=\"elementor-icon-list-item\">\n\t\t\t\t\t\t\t\t\t\t\t<span class=\"elementor-icon-list-icon\">\n\t\t\t\t\t\t\t<svg aria-hidden=\"true\" class=\"e-font-icon-svg e-fas-map-marked-alt\" viewBox=\"0 0 576 512\" xmlns=\"http:\/\/www.w3.org\/2000\/svg\"><path d=\"M288 0c-69.59 0-126 56.41-126 126 0 56.26 82.35 158.8 113.9 196.02 6.39 7.54 17.82 7.54 24.2 0C331.65 284.8 414 182.26 414 126 414 56.41 357.59 0 288 0zm0 168c-23.2 0-42-18.8-42-42s18.8-42 42-42 42 18.8 42 42-18.8 42-42 42zM20.12 215.95A32.006 32.006 0 0 0 0 245.66v250.32c0 11.32 11.43 19.06 21.94 14.86L160 448V214.92c-8.84-15.98-16.07-31.54-21.25-46.42L20.12 215.95zM288 359.67c-14.07 0-27.38-6.18-36.51-16.96-19.66-23.2-40.57-49.62-59.49-76.72v182l192 64V266c-18.92 27.09-39.82 53.52-59.49 76.72-9.13 10.77-22.44 16.95-36.51 16.95zm266.06-198.51L416 224v288l139.88-55.95A31.996 31.996 0 0 0 576 426.34V176.02c0-11.32-11.43-19.06-21.94-14.86z\"><\/path><\/svg>\t\t\t\t\t\t<\/span>\n\t\t\t\t\t\t\t\t\t\t<span class=\"elementor-icon-list-text\">28-07 Jackson Avenue, 5th FL, Long Island City, NY 11101<\/span>\n\t\t\t\t\t\t\t\t\t<\/li>\n\t\t\t\t\t\t<\/ul>\n\t\t\t\t\t\t<\/div>\n\t\t\t\t<\/div>\n\t\t\t\t<div class=\"elementor-element elementor-element-8cd85ba elementor-widget elementor-widget-google_maps\" data-id=\"8cd85ba\" data-element_type=\"widget\" data-e-type=\"widget\" data-widget_type=\"google_maps.default\">\n\t\t\t\t<div class=\"elementor-widget-container\">\n\t\t\t\t\t\t\t<div class=\"elementor-custom-embed\">\n\t\t\t<iframe loading=\"lazy\"\n\t\t\t\t\tsrc=\"https:\/\/maps.google.com\/maps?q=28-07%20Jackson%20Avenue%2C%205th%20FL%20Long%20Island%20City%2C%20NY%2011101&#038;t=m&#038;z=13&#038;output=embed&#038;iwloc=near\"\n\t\t\t\t\ttitle=\"28-07 Jackson Avenue, 5th FL Long Island City, NY 11101\"\n\t\t\t\t\taria-label=\"28-07 Jackson Avenue, 5th FL Long Island City, NY 11101\"\n\t\t\t><\/iframe>\n\t\t<\/div>\n\t\t\t\t\t\t<\/div>\n\t\t\t\t<\/div>\n\t\t\t\t<div class=\"elementor-element elementor-element-c1fc14a elementor-align-left elementor-tablet-align-center elementor-widget elementor-widget-button\" data-id=\"c1fc14a\" data-element_type=\"widget\" data-e-type=\"widget\" data-widget_type=\"button.default\">\n\t\t\t\t<div class=\"elementor-widget-container\">\n\t\t\t\t\t\t\t\t\t<div class=\"elementor-button-wrapper\">\n\t\t\t\t\t<a class=\"elementor-button elementor-button-link elementor-size-sm elementor-animation-grow\" href=\"#\">\n\t\t\t\t\t\t<span class=\"elementor-button-content-wrapper\">\n\t\t\t\t\t\t<span class=\"elementor-button-icon\">\n\t\t\t\t<svg aria-hidden=\"true\" class=\"e-font-icon-svg e-fas-map-marker-alt\" viewBox=\"0 0 384 512\" xmlns=\"http:\/\/www.w3.org\/2000\/svg\"><path d=\"M172.268 501.67C26.97 291.031 0 269.413 0 192 0 85.961 85.961 0 192 0s192 85.961 192 192c0 77.413-26.97 99.031-172.268 309.67-9.535 13.774-29.93 13.773-39.464 0zM192 272c44.183 0 80-35.817 80-80s-35.817-80-80-80-80 35.817-80 80 35.817 80 80 80z\"><\/path><\/svg>\t\t\t<\/span>\n\t\t\t\t\t\t\t\t\t<span class=\"elementor-button-text\">Google maps<\/span>\n\t\t\t\t\t<\/span>\n\t\t\t\t\t<\/a>\n\t\t\t\t<\/div>\n\t\t\t\t\t\t\t\t<\/div>\n\t\t\t\t<\/div>\n\t\t\t\t\t<\/div>\n\t\t\t\t<\/div>\n\t\t\t\t<\/div>\n\t\t\t\t<\/div>\n\t\t","protected":false},"excerpt":{"rendered":"<p>\u00bfNecesita ayuda? Cont\u00e1ctenos hoy mismo. Encu\u00e9ntrenos. Visite nuestras oficinas. 28-07 Jackson Avenue, 5.\u00ba piso, Long Island City, NY 11101. Google Maps.<\/p>","protected":false},"author":2,"featured_media":0,"parent":0,"menu_order":0,"comment_status":"closed","ping_status":"closed","template":"","meta":{"footnotes":""},"class_list":["post-184","page","type-page","status-publish","hentry"],"yoast_head":"<!-- This site is optimized with the Yoast SEO plugin v27.5 - https:\/\/yoast.com\/product\/yoast-seo-wordpress\/ -->\n<title>Contact ZW Law Office | Immigration Attorneys in the US<\/title>\n<meta name=\"description\" content=\"Contact ZW Law Office today. Our immigration attorneys are ready to answer your questions and provide expert legal guidance for your case.\" \/>\n<meta name=\"robots\" content=\"index, follow, max-snippet:-1, max-image-preview:large, max-video-preview:-1\" \/>\n<link rel=\"canonical\" href=\"https:\/\/zwlawoffice.com\/es\/contact-us\/\" \/>\n<meta property=\"og:locale\" content=\"es_ES\" \/>\n<meta property=\"og:type\" content=\"article\" \/>\n<meta property=\"og:title\" content=\"Contact ZW Law Office | Immigration Attorneys in the US\" \/>\n<meta property=\"og:description\" content=\"Contact ZW Law Office today. Our immigration attorneys are ready to answer your questions and provide expert legal guidance for your case.\" \/>\n<meta property=\"og:url\" content=\"https:\/\/zwlawoffice.com\/es\/contact-us\/\" \/>\n<meta property=\"og:site_name\" content=\"Zwlawoffice\" \/>\n<meta property=\"article:modified_time\" content=\"2025-09-05T22:51:23+00:00\" \/>\n<meta name=\"twitter:card\" content=\"summary_large_image\" \/>\n<meta name=\"twitter:label1\" content=\"Tiempo de lectura\" \/>\n\t<meta name=\"twitter:data1\" content=\"1 minuto\" \/>\n<script type=\"application\/ld+json\" class=\"yoast-schema-graph\">{\"@context\":\"https:\\\/\\\/schema.org\",\"@graph\":[{\"@type\":\"WebPage\",\"@id\":\"https:\\\/\\\/zwlawoffice.com\\\/contact-us\\\/\",\"url\":\"https:\\\/\\\/zwlawoffice.com\\\/contact-us\\\/\",\"name\":\"Contact ZW Law Office | Immigration Attorneys in the US\",\"isPartOf\":{\"@id\":\"https:\\\/\\\/zwlawoffice.com\\\/#website\"},\"datePublished\":\"2025-04-06T17:57:13+00:00\",\"dateModified\":\"2025-09-05T22:51:23+00:00\",\"description\":\"Contact ZW Law Office today. Our immigration attorneys are ready to answer your questions and provide expert legal guidance for your case.\",\"breadcrumb\":{\"@id\":\"https:\\\/\\\/zwlawoffice.com\\\/contact-us\\\/#breadcrumb\"},\"inLanguage\":\"es\",\"potentialAction\":[{\"@type\":\"ReadAction\",\"target\":[\"https:\\\/\\\/zwlawoffice.com\\\/contact-us\\\/\"]}]},{\"@type\":\"BreadcrumbList\",\"@id\":\"https:\\\/\\\/zwlawoffice.com\\\/contact-us\\\/#breadcrumb\",\"itemListElement\":[{\"@type\":\"ListItem\",\"position\":1,\"name\":\"Home\",\"item\":\"https:\\\/\\\/zwlawoffice.com\\\/\"},{\"@type\":\"ListItem\",\"position\":2,\"name\":\"Contact us\"}]},{\"@type\":\"WebSite\",\"@id\":\"https:\\\/\\\/zwlawoffice.com\\\/#website\",\"url\":\"https:\\\/\\\/zwlawoffice.com\\\/\",\"name\":\"Zwlawoffice\",\"description\":\"\",\"publisher\":{\"@id\":\"https:\\\/\\\/zwlawoffice.com\\\/#organization\"},\"potentialAction\":[{\"@type\":\"SearchAction\",\"target\":{\"@type\":\"EntryPoint\",\"urlTemplate\":\"https:\\\/\\\/zwlawoffice.com\\\/?s={search_term_string}\"},\"query-input\":{\"@type\":\"PropertyValueSpecification\",\"valueRequired\":true,\"valueName\":\"search_term_string\"}}],\"inLanguage\":\"es\"},{\"@type\":\"Organization\",\"@id\":\"https:\\\/\\\/zwlawoffice.com\\\/#organization\",\"name\":\"Zwlawoffice\",\"url\":\"https:\\\/\\\/zwlawoffice.com\\\/\",\"logo\":{\"@type\":\"ImageObject\",\"inLanguage\":\"es\",\"@id\":\"https:\\\/\\\/zwlawoffice.com\\\/#\\\/schema\\\/logo\\\/image\\\/\",\"url\":\"https:\\\/\\\/zwlawoffice.com\\\/wp-content\\\/uploads\\\/2025\\\/03\\\/Logo-Menu-Off.png\",\"contentUrl\":\"https:\\\/\\\/zwlawoffice.com\\\/wp-content\\\/uploads\\\/2025\\\/03\\\/Logo-Menu-Off.png\",\"width\":97,\"height\":58,\"caption\":\"Zwlawoffice\"},\"image\":{\"@id\":\"https:\\\/\\\/zwlawoffice.com\\\/#\\\/schema\\\/logo\\\/image\\\/\"}}]}<\/script>\n<!-- \/ Yoast SEO plugin. -->","yoast_head_json":{"title":"Contacte con ZW Law Office | Abogados de inmigraci\u00f3n en EE. UU.","description":"Contacte con ZW Law Office hoy mismo. Nuestros abogados de inmigraci\u00f3n est\u00e1n listos para responder sus preguntas y brindarle asesoramiento legal experto para su caso.","robots":{"index":"index","follow":"follow","max-snippet":"max-snippet:-1","max-image-preview":"max-image-preview:large","max-video-preview":"max-video-preview:-1"},"canonical":"https:\/\/zwlawoffice.com\/es\/contact-us\/","og_locale":"es_ES","og_type":"article","og_title":"Contact ZW Law Office | Immigration Attorneys in the US","og_description":"Contact ZW Law Office today. Our immigration attorneys are ready to answer your questions and provide expert legal guidance for your case.","og_url":"https:\/\/zwlawoffice.com\/es\/contact-us\/","og_site_name":"Zwlawoffice","article_modified_time":"2025-09-05T22:51:23+00:00","twitter_card":"summary_large_image","twitter_misc":{"Tiempo de lectura":"1 minuto"},"schema":{"@context":"https:\/\/schema.org","@graph":[{"@type":"WebPage","@id":"https:\/\/zwlawoffice.com\/contact-us\/","url":"https:\/\/zwlawoffice.com\/contact-us\/","name":"Contacte con ZW Law Office | Abogados de inmigraci\u00f3n en EE. UU.","isPartOf":{"@id":"https:\/\/zwlawoffice.com\/#website"},"datePublished":"2025-04-06T17:57:13+00:00","dateModified":"2025-09-05T22:51:23+00:00","description":"Contacte con ZW Law Office hoy mismo. Nuestros abogados de inmigraci\u00f3n est\u00e1n listos para responder sus preguntas y brindarle asesoramiento legal experto para su caso.","breadcrumb":{"@id":"https:\/\/zwlawoffice.com\/contact-us\/#breadcrumb"},"inLanguage":"es","potentialAction":[{"@type":"ReadAction","target":["https:\/\/zwlawoffice.com\/contact-us\/"]}]},{"@type":"BreadcrumbList","@id":"https:\/\/zwlawoffice.com\/contact-us\/#breadcrumb","itemListElement":[{"@type":"ListItem","position":1,"name":"Home","item":"https:\/\/zwlawoffice.com\/"},{"@type":"ListItem","position":2,"name":"Contact us"}]},{"@type":"WebSite","@id":"https:\/\/zwlawoffice.com\/#website","url":"https:\/\/zwlawoffice.com\/","name":"Oficina de abogados Zw","description":"","publisher":{"@id":"https:\/\/zwlawoffice.com\/#organization"},"potentialAction":[{"@type":"SearchAction","target":{"@type":"EntryPoint","urlTemplate":"https:\/\/zwlawoffice.com\/?s={search_term_string}"},"query-input":{"@type":"PropertyValueSpecification","valueRequired":true,"valueName":"search_term_string"}}],"inLanguage":"es"},{"@type":"Organization","@id":"https:\/\/zwlawoffice.com\/#organization","name":"Oficina de abogados Zw","url":"https:\/\/zwlawoffice.com\/","logo":{"@type":"ImageObject","inLanguage":"es","@id":"https:\/\/zwlawoffice.com\/#\/schema\/logo\/image\/","url":"https:\/\/zwlawoffice.com\/wp-content\/uploads\/2025\/03\/Logo-Menu-Off.png","contentUrl":"https:\/\/zwlawoffice.com\/wp-content\/uploads\/2025\/03\/Logo-Menu-Off.png","width":97,"height":58,"caption":"Zwlawoffice"},"image":{"@id":"https:\/\/zwlawoffice.com\/#\/schema\/logo\/image\/"}}]}},"_links":{"self":[{"href":"https:\/\/zwlawoffice.com\/es\/wp-json\/wp\/v2\/pages\/184","targetHints":{"allow":["GET"]}}],"collection":[{"href":"https:\/\/zwlawoffice.com\/es\/wp-json\/wp\/v2\/pages"}],"about":[{"href":"https:\/\/zwlawoffice.com\/es\/wp-json\/wp\/v2\/types\/page"}],"author":[{"embeddable":true,"href":"https:\/\/zwlawoffice.com\/es\/wp-json\/wp\/v2\/users\/2"}],"replies":[{"embeddable":true,"href":"https:\/\/zwlawoffice.com\/es\/wp-json\/wp\/v2\/comments?post=184"}],"version-history":[{"count":35,"href":"https:\/\/zwlawoffice.com\/es\/wp-json\/wp\/v2\/pages\/184\/revisions"}],"predecessor-version":[{"id":2020,"href":"https:\/\/zwlawoffice.com\/es\/wp-json\/wp\/v2\/pages\/184\/revisions\/2020"}],"wp:attachment":[{"href":"https:\/\/zwlawoffice.com\/es\/wp-json\/wp\/v2\/media?parent=184"}],"curies":[{"name":"gracias","href":"https:\/\/api.w.org\/{rel}","templated":true}]}}